{"id":1267,"date":"2021-02-11T13:31:51","date_gmt":"2021-02-11T12:31:51","guid":{"rendered":"http:\/\/www.tiroler-kraeuterhof.com\/magazin\/?page_id=1267"},"modified":"2021-02-11T13:32:01","modified_gmt":"2021-02-11T12:32:01","slug":"impressum","status":"publish","type":"page","link":"https:\/\/www.tiroler-kraeuterhof.com\/magazin\/impressum\/","title":{"rendered":"Impressum"},"content":{"rendered":"<p><strong>Tiroler Kr\u00e4uterhof<\/strong><\/p>\n<p>Dorfstra\u00dfe 13<br \/>6012 Eben am Achensee&nbsp;<\/p>\n<p>Inhaber: Mag. Gerhard Hammerle<\/p>\n<p>Tel: +43(0)5243 43004 oder Mobil:+43 (0)699 17202080<br \/>Fax: +43 (0) 5243 43412<br \/>Web: <a title=\"Tiroler Kr\u00e4uterhof\" href=\"https:\/\/www.tiroler-kraeuterhof.com\">www.tiroler-kraeuterhof.com<\/a><br \/>Email: <a href=\"javascript:linkTo_UnCryptMailto('wksvdy:sxpyKdsbyvob-xkdebuycwodsu.myw');\">info[at]tiroler-naturkosmetik[dot]com<\/a><\/p>\n<p>UIDNr: ATU57248366<\/p>\n<p>&nbsp;<\/p>\n<h3>Bankverbindung<\/h3>\n<p>Sparkasse Schwaz<br \/>Konto: Tiroler Kr\u00e4uterhof<br \/>IBAN: AT272051000000015628<br \/>BIC: SPSCAT22<\/p>\n<p>&nbsp;<\/p>\n<p>Mitglied der Wirtschaftskammer Tirol<br \/>Fachgruppe: Herstellung von Chemischen Erzeugnissen<br \/>Gerichtsstand: Landesgericht Innsbruck<\/p>\n<p>&nbsp;<\/p>\n<hr>\n<p>&nbsp;<\/p>\n<h3>Datenschutz<\/h3>\n<p>&nbsp;<\/p>\n<p><strong>Cookies<\/strong><\/p>\n<p>Cookies sind kleine Dateien, die es erm\u00f6glichen, auf dem Zugriffsger\u00e4t der Nutzer (PC, Smartphone o.\u00e4.) spezifische, auf das Ger\u00e4t bezogene Informationen zu speichern. Sie dienen zum einem der Benutzerfreundlichkeit von Webseiten und damit den Nutzern (z.B. Speicherung von Logindaten). Zum anderen dienen sie, um die statistische Daten der Webseitennutzung zu erfassen und sie zwecks Verbesserung des Angebotes analysieren zu k\u00f6nnen. Die Nutzer k\u00f6nnen auf den Einsatz der Cookies Einfluss nehmen. Die meisten Browser verf\u00fcgen eine Option mit der das Speichern von Cookies eingeschr\u00e4nkt oder komplett verhindert wird. Allerdings wird darauf hingewiesen, dass die Nutzung und insbesondere der Nutzungskomfort ohne Cookies eingeschr\u00e4nkt werden.<\/p>\n<p>Sie k\u00f6nnen viele Online-Anzeigen-Cookies von Unternehmen \u00fcber die US-amerikanische Seite&nbsp;<a href=\"http:\/\/www.aboutads.info\/choices\/\" rel=\"nofollow noopener\" target=\"_blank\">www.aboutads.info\/choices\/<\/a>&nbsp;oder die EU-Seite&nbsp;<a href=\"http:\/\/www.youronlinechoices.com\/uk\/your-ad-choices\/\" rel=\"nofollow noopener\" target=\"_blank\">www.youronlinechoices.com\/uk\/your-ad-choices\/<\/a>&nbsp;verwalten.<\/p>\n<p>&nbsp;<\/p>\n<p><strong>Google Analytics<\/strong><\/p>\n<p>Dieses Angebot benutzt Google Analytics, einen Webanalysedienst der Google Inc. (\u201eGoogle\u201c). Google Analytics verwendet sog. \u201eCookies\u201c, Textdateien, die auf Computer der Nutzer gespeichert werden und die eine Analyse der Benutzung der Website durch sie erm\u00f6glichen. Die durch den Cookie erzeugten Informationen \u00fcber Benutzung dieser Website durch die Nutzer werden in der Regel an einen Server von Google in den USA \u00fcbertragen und dort gespeichert.<\/p>\n<p>Im Falle der Aktivierung der IP-Anonymisierung auf dieser Webseite, wird die IP-Adresse der Nutzer von Google jedoch innerhalb von Mitgliedstaaten der Europ\u00e4ischen Union oder in anderen Vertragsstaaten des Abkommens \u00fcber den Europ\u00e4ischen Wirtschaftsraum zuvor gek\u00fcrzt. Nur in Ausnahmef\u00e4llen wird die volle IP-Adresse an einen Server von Google in den USA \u00fcbertragen und dort gek\u00fcrzt. Die IP-Anonymisierung ist auf dieser Website aktiv. Im Auftrag des Betreibers dieser Website wird Google diese Informationen benutzen, um die Nutzung der Website durch die Nutzer auszuwerten, um Reports \u00fcber die Websiteaktivit\u00e4ten zusammenzustellen und um weitere mit der Websitenutzung und der Internetnutzung verbundene Dienstleistungen gegen\u00fcber dem Websitebetreiber zu erbringen.<\/p>\n<p>Die im Rahmen von Google Analytics von Ihrem Browser \u00fcbermittelte IP-Adresse wird nicht mit anderen Daten von Google zusammengef\u00fchrt. Die Nutzer k\u00f6nnen die Speicherung der Cookies durch eine entsprechende Einstellung Ihrer Browser-Software verhindern; Dieses Angebot weist die Nutzer jedoch darauf hin, dass Sie in diesem Fall gegebenenfalls nicht s\u00e4mtliche Funktionen dieser Website vollumf\u00e4nglich werden nutzen k\u00f6nnen. Die Nutzer k\u00f6nnen dar\u00fcber hinaus die Erfassung der durch das Cookie erzeugten und auf ihre Nutzung der Website bezogenen Daten (inkl. Ihrer IP-Adresse) an Google sowie die Verarbeitung dieser Daten durch Google verhindern, indem sie das unter dem folgenden Link verf\u00fcgbare Browser-Plugin herunterladen und installieren:&nbsp;<a href=\"http:\/\/tools.google.com\/dlpage\/gaoptout?hl=de\" rel=\"nofollow noopener\" target=\"_blank\">tools.google.com\/dlpage\/gaoptout<\/a>.<\/p>\n<p>Alternativ zum Browser-Add-On oder innerhalb von Browsern auf mobilen Ger\u00e4ten,&nbsp;klicken Sie bitte diesen Link, um die Erfassung durch Google Analytics innerhalb dieser Website zuk\u00fcnftig zu verhindern. Dabei wird ein Opt-Out-Cookie auf Ihrem Ger\u00e4t abgelegt. L\u00f6schen Sie Ihre Cookies, m\u00fcssen Sie diesen Link erneut klicken.<\/p>\n<p>&nbsp;<\/p>\n","protected":false},"excerpt":{"rendered":"<p>Tiroler Kr\u00e4uterhof Dorfstra\u00dfe 136012 Eben am Achensee&nbsp; Inhaber: Mag. Gerhard Hammerle Tel: +43(0)5243 43004 oder Mobil:+43 (0)699 17202080Fax: +43 (0) 5243 43412Web: www.tiroler-kraeuterhof.comEmail: info[at]tiroler-naturkosmetik[dot]com UIDNr: ATU57248366 &nbsp; Bankverbindung Sparkasse SchwazKonto: Tiroler Kr\u00e4uterhofIBAN: AT272051000000015628BIC: SPSCAT22 &nbsp; Mitglied der Wirtschaftskammer TirolFachgruppe: Herstellung von Chemischen ErzeugnissenGerichtsstand: Landesgericht Innsbruck &nbsp; &nbsp; Datenschutz &nbsp; Cookies Cookies sind kleine Dateien, die [&hellip;]<\/p>\n","protected":false},"author":10,"featured_media":0,"parent":0,"menu_order":0,"comment_status":"closed","ping_status":"closed","template":"","meta":{"footnotes":""},"class_list":["post-1267","page","type-page","status-publish","hentry"],"yoast_head":"<!-- This site is optimized with the Yoast SEO plugin v23.7 - https:\/\/yoast.com\/wordpress\/plugins\/seo\/ -->\n<title>Impressum &#8902; Tiroler Kraeuterhof Magazin<\/title>\n<meta name=\"robots\" content=\"index, follow, max-snippet:-1, max-image-preview:large, max-video-preview:-1\" \/>\n<link rel=\"canonical\" href=\"http:\/\/www.tiroler-kraeuterhof.com\/magazin\/impressum\/\" \/>\n<meta property=\"og:locale\" content=\"de_DE\" \/>\n<meta property=\"og:type\" content=\"article\" \/>\n<meta property=\"og:title\" content=\"Impressum &#8902; Tiroler Kraeuterhof Magazin\" \/>\n<meta property=\"og:description\" content=\"Tiroler Kr\u00e4uterhof Dorfstra\u00dfe 136012 Eben am Achensee&nbsp; Inhaber: Mag. Gerhard Hammerle Tel: +43(0)5243 43004 oder Mobil:+43 (0)699 17202080Fax: +43 (0) 5243 43412Web: www.tiroler-kraeuterhof.comEmail: info[at]tiroler-naturkosmetik[dot]com UIDNr: ATU57248366 &nbsp; Bankverbindung Sparkasse SchwazKonto: Tiroler Kr\u00e4uterhofIBAN: AT272051000000015628BIC: SPSCAT22 &nbsp; Mitglied der Wirtschaftskammer TirolFachgruppe: Herstellung von Chemischen ErzeugnissenGerichtsstand: Landesgericht Innsbruck &nbsp; &nbsp; Datenschutz &nbsp; Cookies Cookies sind kleine Dateien, die [&hellip;]\" \/>\n<meta property=\"og:url\" content=\"http:\/\/www.tiroler-kraeuterhof.com\/magazin\/impressum\/\" \/>\n<meta property=\"og:site_name\" content=\"Tiroler Kraeuterhof Magazin\" \/>\n<meta property=\"article:publisher\" content=\"http:\/\/www.tiroler-kraeuterhof.com\/\" \/>\n<meta property=\"article:modified_time\" content=\"2021-02-11T12:32:01+00:00\" \/>\n<meta name=\"twitter:card\" content=\"summary_large_image\" \/>\n<meta name=\"twitter:label1\" content=\"Gesch\u00e4tzte Lesezeit\" \/>\n\t<meta name=\"twitter:data1\" content=\"3\u00a0Minuten\" \/>\n<script type=\"application\/ld+json\" class=\"yoast-schema-graph\">{\"@context\":\"https:\/\/schema.org\",\"@graph\":[{\"@type\":\"WebPage\",\"@id\":\"http:\/\/www.tiroler-kraeuterhof.com\/magazin\/impressum\/\",\"url\":\"http:\/\/www.tiroler-kraeuterhof.com\/magazin\/impressum\/\",\"name\":\"Impressum &#8902; Tiroler Kraeuterhof Magazin\",\"isPartOf\":{\"@id\":\"https:\/\/www.tiroler-kraeuterhof.com\/magazin\/#website\"},\"datePublished\":\"2021-02-11T12:31:51+00:00\",\"dateModified\":\"2021-02-11T12:32:01+00:00\",\"breadcrumb\":{\"@id\":\"http:\/\/www.tiroler-kraeuterhof.com\/magazin\/impressum\/#breadcrumb\"},\"inLanguage\":\"de\",\"potentialAction\":[{\"@type\":\"ReadAction\",\"target\":[\"http:\/\/www.tiroler-kraeuterhof.com\/magazin\/impressum\/\"]}]},{\"@type\":\"BreadcrumbList\",\"@id\":\"http:\/\/www.tiroler-kraeuterhof.com\/magazin\/impressum\/#breadcrumb\",\"itemListElement\":[{\"@type\":\"ListItem\",\"position\":1,\"name\":\"Startseite\",\"item\":\"https:\/\/www.tiroler-kraeuterhof.com\/magazin\/\"},{\"@type\":\"ListItem\",\"position\":2,\"name\":\"Impressum\"}]},{\"@type\":\"WebSite\",\"@id\":\"https:\/\/www.tiroler-kraeuterhof.com\/magazin\/#website\",\"url\":\"https:\/\/www.tiroler-kraeuterhof.com\/magazin\/\",\"name\":\"Tiroler Kraeuterhof Magazin\",\"description\":\"\",\"publisher\":{\"@id\":\"https:\/\/www.tiroler-kraeuterhof.com\/magazin\/#organization\"},\"potentialAction\":[{\"@type\":\"SearchAction\",\"target\":{\"@type\":\"EntryPoint\",\"urlTemplate\":\"https:\/\/www.tiroler-kraeuterhof.com\/magazin\/?s={search_term_string}\"},\"query-input\":{\"@type\":\"PropertyValueSpecification\",\"valueRequired\":true,\"valueName\":\"search_term_string\"}}],\"inLanguage\":\"de\"},{\"@type\":\"Organization\",\"@id\":\"https:\/\/www.tiroler-kraeuterhof.com\/magazin\/#organization\",\"name\":\"Tiroler Kr\u00e4uterhof\",\"url\":\"https:\/\/www.tiroler-kraeuterhof.com\/magazin\/\",\"logo\":{\"@type\":\"ImageObject\",\"inLanguage\":\"de\",\"@id\":\"https:\/\/www.tiroler-kraeuterhof.com\/magazin\/#\/schema\/logo\/image\/\",\"url\":\"https:\/\/www.tiroler-kraeuterhof.com\/magazin\/wp-content\/uploads\/2017\/04\/TKH_Logo_mit_Rahmen.jpg\",\"contentUrl\":\"https:\/\/www.tiroler-kraeuterhof.com\/magazin\/wp-content\/uploads\/2017\/04\/TKH_Logo_mit_Rahmen.jpg\",\"width\":500,\"height\":472,\"caption\":\"Tiroler Kr\u00e4uterhof\"},\"image\":{\"@id\":\"https:\/\/www.tiroler-kraeuterhof.com\/magazin\/#\/schema\/logo\/image\/\"},\"sameAs\":[\"http:\/\/www.tiroler-kraeuterhof.com\/\",\"http:\/\/twitter.com\/Kraeuterhof\"]}]}<\/script>\n<!-- \/ Yoast SEO plugin. -->","yoast_head_json":{"title":"Impressum &#8902; Tiroler Kraeuterhof Magazin","robots":{"index":"index","follow":"follow","max-snippet":"max-snippet:-1","max-image-preview":"max-image-preview:large","max-video-preview":"max-video-preview:-1"},"canonical":"http:\/\/www.tiroler-kraeuterhof.com\/magazin\/impressum\/","og_locale":"de_DE","og_type":"article","og_title":"Impressum &#8902; Tiroler Kraeuterhof Magazin","og_description":"Tiroler Kr\u00e4uterhof Dorfstra\u00dfe 136012 Eben am Achensee&nbsp; Inhaber: Mag. Gerhard Hammerle Tel: +43(0)5243 43004 oder Mobil:+43 (0)699 17202080Fax: +43 (0) 5243 43412Web: www.tiroler-kraeuterhof.comEmail: info[at]tiroler-naturkosmetik[dot]com UIDNr: ATU57248366 &nbsp; Bankverbindung Sparkasse SchwazKonto: Tiroler Kr\u00e4uterhofIBAN: AT272051000000015628BIC: SPSCAT22 &nbsp; Mitglied der Wirtschaftskammer TirolFachgruppe: Herstellung von Chemischen ErzeugnissenGerichtsstand: Landesgericht Innsbruck &nbsp; &nbsp; Datenschutz &nbsp; Cookies Cookies sind kleine Dateien, die [&hellip;]","og_url":"http:\/\/www.tiroler-kraeuterhof.com\/magazin\/impressum\/","og_site_name":"Tiroler Kraeuterhof Magazin","article_publisher":"http:\/\/www.tiroler-kraeuterhof.com\/","article_modified_time":"2021-02-11T12:32:01+00:00","twitter_card":"summary_large_image","twitter_misc":{"Gesch\u00e4tzte Lesezeit":"3\u00a0Minuten"},"schema":{"@context":"https:\/\/schema.org","@graph":[{"@type":"WebPage","@id":"http:\/\/www.tiroler-kraeuterhof.com\/magazin\/impressum\/","url":"http:\/\/www.tiroler-kraeuterhof.com\/magazin\/impressum\/","name":"Impressum &#8902; Tiroler Kraeuterhof Magazin","isPartOf":{"@id":"https:\/\/www.tiroler-kraeuterhof.com\/magazin\/#website"},"datePublished":"2021-02-11T12:31:51+00:00","dateModified":"2021-02-11T12:32:01+00:00","breadcrumb":{"@id":"http:\/\/www.tiroler-kraeuterhof.com\/magazin\/impressum\/#breadcrumb"},"inLanguage":"de","potentialAction":[{"@type":"ReadAction","target":["http:\/\/www.tiroler-kraeuterhof.com\/magazin\/impressum\/"]}]},{"@type":"BreadcrumbList","@id":"http:\/\/www.tiroler-kraeuterhof.com\/magazin\/impressum\/#breadcrumb","itemListElement":[{"@type":"ListItem","position":1,"name":"Startseite","item":"https:\/\/www.tiroler-kraeuterhof.com\/magazin\/"},{"@type":"ListItem","position":2,"name":"Impressum"}]},{"@type":"WebSite","@id":"https:\/\/www.tiroler-kraeuterhof.com\/magazin\/#website","url":"https:\/\/www.tiroler-kraeuterhof.com\/magazin\/","name":"Tiroler Kraeuterhof Magazin","description":"","publisher":{"@id":"https:\/\/www.tiroler-kraeuterhof.com\/magazin\/#organization"},"potentialAction":[{"@type":"SearchAction","target":{"@type":"EntryPoint","urlTemplate":"https:\/\/www.tiroler-kraeuterhof.com\/magazin\/?s={search_term_string}"},"query-input":{"@type":"PropertyValueSpecification","valueRequired":true,"valueName":"search_term_string"}}],"inLanguage":"de"},{"@type":"Organization","@id":"https:\/\/www.tiroler-kraeuterhof.com\/magazin\/#organization","name":"Tiroler Kr\u00e4uterhof","url":"https:\/\/www.tiroler-kraeuterhof.com\/magazin\/","logo":{"@type":"ImageObject","inLanguage":"de","@id":"https:\/\/www.tiroler-kraeuterhof.com\/magazin\/#\/schema\/logo\/image\/","url":"https:\/\/www.tiroler-kraeuterhof.com\/magazin\/wp-content\/uploads\/2017\/04\/TKH_Logo_mit_Rahmen.jpg","contentUrl":"https:\/\/www.tiroler-kraeuterhof.com\/magazin\/wp-content\/uploads\/2017\/04\/TKH_Logo_mit_Rahmen.jpg","width":500,"height":472,"caption":"Tiroler Kr\u00e4uterhof"},"image":{"@id":"https:\/\/www.tiroler-kraeuterhof.com\/magazin\/#\/schema\/logo\/image\/"},"sameAs":["http:\/\/www.tiroler-kraeuterhof.com\/","http:\/\/twitter.com\/Kraeuterhof"]}]}},"_links":{"self":[{"href":"https:\/\/www.tiroler-kraeuterhof.com\/magazin\/wp-json\/wp\/v2\/pages\/1267"}],"collection":[{"href":"https:\/\/www.tiroler-kraeuterhof.com\/magazin\/wp-json\/wp\/v2\/pages"}],"about":[{"href":"https:\/\/www.tiroler-kraeuterhof.com\/magazin\/wp-json\/wp\/v2\/types\/page"}],"author":[{"embeddable":true,"href":"https:\/\/www.tiroler-kraeuterhof.com\/magazin\/wp-json\/wp\/v2\/users\/10"}],"replies":[{"embeddable":true,"href":"https:\/\/www.tiroler-kraeuterhof.com\/magazin\/wp-json\/wp\/v2\/comments?post=1267"}],"version-history":[{"count":1,"href":"https:\/\/www.tiroler-kraeuterhof.com\/magazin\/wp-json\/wp\/v2\/pages\/1267\/revisions"}],"predecessor-version":[{"id":1268,"href":"https:\/\/www.tiroler-kraeuterhof.com\/magazin\/wp-json\/wp\/v2\/pages\/1267\/revisions\/1268"}],"wp:attachment":[{"href":"https:\/\/www.tiroler-kraeuterhof.com\/magazin\/wp-json\/wp\/v2\/media?parent=1267"}],"curies":[{"name":"wp","href":"https:\/\/api.w.org\/{rel}","templated":true}]}}